{"id":2935,"date":"2021-01-18T13:04:16","date_gmt":"2021-01-18T13:04:16","guid":{"rendered":"https:\/\/harjutus.ee\/ru\/?post_type=product&#038;p=2935"},"modified":"2021-08-31T11:11:28","modified_gmt":"2021-08-31T11:11:28","slug":"arvuti-baaskursus-3","status":"publish","type":"product","link":"https:\/\/harjutus.ee\/ru\/kurs\/bazovyj-kompjuternyj-kurs-2-2\/","title":{"rendered":"\u0411\u0430\u0437\u043e\u0432\u044b\u0439 \u043a\u043e\u043c\u043f\u044c\u044e\u0442\u0435\u0440\u043d\u044b\u0439 \u043a\u0443\u0440\u0441"},"content":{"rendered":"<p>[vc_row][vc_column]<div class=\"porto-u-heading\" data-hspacer=\"line_only\" data-halign=\"left\" style=\"text-align:left\"><div class=\"porto-u-main-heading\"><h2 style=\"\">\u041a\u0443\u0440\u0441<\/h2><\/div><div class=\"porto-u-heading-spacer line_only\" style=\"margin-bottom: 20px;height:1px;\"><span class=\"porto-u-headings-line\" style=\"border-style:solid;border-bottom-width:1px;border-color:#ccc;width:auto;margin-left: 0\"><\/span><\/div><div class=\"porto-u-sub-heading\" style=\"\">\u041e\u0431\u044a\u0435\u043c \u043f\u0440\u043e\u0433\u0440\u0430\u043c\u043c\u044b:\u00a080 \u0430\u043a\u0430\u0434\u0435\u043c\u0438\u0447\u0435\u0441\u043a\u0438\u0445 \u0447\u0430\u0441\u043e\u0432 \u043a\u043e\u043d\u0442\u0430\u043a\u0442\u043d\u043e, \u043b\u0438\u0431\u043e \u0434\u0438\u0441\u0442\u0430\u043d\u0446\u0438\u043e\u043d\u043d\u043e<br \/>\n\u042f\u0437\u044b\u043a \u043e\u0431\u0443\u0447\u0435\u043d\u0438\u044f: \u0440\u0443\u0441\u0441\u043a\u0438\u0439 \u044f\u0437\u044b\u043a<br \/>\n\u0421\u0442\u043e\u0438\u043c\u043e\u0441\u0442\u044c \u043a\u0443\u0440\u0441\u0430\u00a0 \u2013 1240,00 \u20ac<br \/>\n\u041f\u0440\u043e\u0433\u0440\u0430\u043c\u043c\u0430:\u00a0<a href=\"https:\/\/harjutus.ee\/wp-content\/uploads\/2021\/01\/Arvuti-baaskursus.pdf\">Arvuti baaskursus<\/a><\/p>\n<p><span style=\"font-size: 13px;\">\u041f\u0440\u0435\u043f\u043e\u0434\u0430\u0432\u0430\u0442\u0435\u043b\u044c:\u00a0Tatiana Saukova<\/span><br \/>\n<span style=\"font-size: 13px;\">K\u00f5rghariduse: Tallinna Tehnika \u00dclikool<\/span><br \/>\n<span style=\"font-size: 13px;\">P\u00f5hieriala: telekommunikatsiooni \u00f5ppesuuna<\/span><br \/>\n<span style=\"font-size: 13px;\">T\u00f6\u00f6kogemuse kohta: IT &#8211; \u00f5petajana alates \u00fcle 19 aastat.<\/span><\/p>\n<p><span style=\"font-size: 13px;\">\u041f\u0440\u0435\u043f\u043e\u0434\u0430\u0432\u0430\u0442\u0435\u043b\u044c: Anna Matochkina<\/span><br \/>\n<span style=\"font-size: 13px;\">K\u00f5rghariduse: Tartu \u00dclikooli Narva Kolledz,\u00a05.kursus<\/span><br \/>\n<span style=\"font-size: 13px;\">Eriala:\u00a0klassi\u00f5petaja mitmekeelses koolis- 1.eriala, inglise keele \u00f5petaja- 2.eriala<\/span><br \/>\n<span style=\"font-size: 13px;\">T\u00f6\u00f6kogemuse kohta: arvuti\u00f5petus ja robotika \u00f5petajana \u00fcle 2,5 aastat<\/span><\/div><\/div>[vc_empty_space][\/vc_column][vc_column][\/vc_column][\/vc_row]<\/p>","protected":false},"excerpt":{"rendered":"<p><span style=\"font-size: 14px;\">Keskv\u00e4ljak tn 4, J\u00f5hvi linn<\/span><br \/>\n<span style=\"font-size: 14px;\">Tiimani tn 1, Narva linn<\/span><br \/>\n<span style=\"font-size: 14px;\">J.Vilmsi tn 47, Tallinn linn<\/span><\/p>\n<p><span style=\"font-size: 14px;\">kokkuleppel<\/span><\/p>\n","protected":false},"featured_media":2856,"template":"","meta":{"inline_featured_image":false},"product_cat":[117],"product_tag":[],"_links":{"self":[{"href":"https:\/\/harjutus.ee\/ru\/wp-json\/wp\/v2\/product\/2935"}],"collection":[{"href":"https:\/\/harjutus.ee\/ru\/wp-json\/wp\/v2\/product"}],"about":[{"href":"https:\/\/harjutus.ee\/ru\/wp-json\/wp\/v2\/types\/product"}],"wp:featuredmedia":[{"embeddable":true,"href":"https:\/\/harjutus.ee\/ru\/wp-json\/wp\/v2\/media\/2856"}],"wp:attachment":[{"href":"https:\/\/harjutus.ee\/ru\/wp-json\/wp\/v2\/media?parent=2935"}],"wp:term":[{"taxonomy":"product_cat","embeddable":true,"href":"https:\/\/harjutus.ee\/ru\/wp-json\/wp\/v2\/product_cat?post=2935"},{"taxonomy":"product_tag","embeddable":true,"href":"https:\/\/harjutus.ee\/ru\/wp-json\/wp\/v2\/product_tag?post=2935"}],"curies":[{"name":"wp","href":"https:\/\/api.w.org\/{rel}","templated":true}]}}