{"id":2749,"date":"2019-12-19T09:39:26","date_gmt":"2019-12-19T09:39:26","guid":{"rendered":"https:\/\/harjutus.ee\/ru\/?post_type=product&#038;p=2749"},"modified":"2022-07-18T10:03:08","modified_gmt":"2022-07-18T10:03:08","slug":"muuja-klienditeeninduse-alused","status":"publish","type":"product","link":"https:\/\/harjutus.ee\/ru\/kurs\/rodavec-osnovy-obsluzhivanija-klientov\/","title":{"rendered":"\u041f\u0440\u043e\u0434\u0430\u0432\u0435\u0446: \u043e\u0441\u043d\u043e\u0432\u044b \u043e\u0431\u0441\u043b\u0443\u0436\u0438\u0432\u0430\u043d\u0438\u044f \u043a\u043b\u0438\u0435\u043d\u0442\u043e\u0432"},"content":{"rendered":"<p>[vc_row][vc_column]<div class=\"porto-u-heading\" data-hspacer=\"line_only\" data-halign=\"left\" style=\"text-align:left\"><div class=\"porto-u-main-heading\"><h2 style=\"\">\u041a\u0443\u0440\u0441<\/h2><\/div><div class=\"porto-u-heading-spacer line_only\" style=\"margin-bottom: 20px;height:1px;\"><span class=\"porto-u-headings-line\" style=\"border-style:solid;border-bottom-width:1px;border-color:#ccc;width:auto;margin-left: 0\"><\/span><\/div><div class=\"porto-u-sub-heading\" style=\"\"><span style=\"font-size: 14px;\">Keskv\u00e4ljak tn 4, J\u00f5hvi linn<\/span><br \/>\n<span style=\"font-size: 14px;\">Tiimani tn 1, Narva linn<\/span><br \/>\n<span style=\"font-size: 14px;\">J.Vilmsi tn 47, Tallinn linn<\/span><\/p>\n<p><span style=\"font-size: 14px;\">\u00d5ppe kogumaht: 220 akadeemilist tundi, millest 140 a.t. teoreetilist ettevalmistust, 80 a.t. \u00f5ppepraktikat<\/span><br \/>\n<span style=\"font-size: 14px;\">Hind\u00a0 \u2013 2100,00 \u20ac<\/span><br \/>\n<span style=\"font-size: 14px;\">Koolitaja: Laura P\u00e4rnapuu\u00a0l\u00f5petatud Tallinna Teeninduskool, eriala m\u00fc\u00fcgiassistent.<\/span><br \/>\n<span style=\"font-size: 14px;\">T\u00f6\u00f6kogemuse kohta: m\u00fc\u00fcgia koolitus \u00f5petajana \u00fcle 3 aastat.<\/span><\/p>\n<p><span style=\"font-size: 14px;\">\u00d5ppekava<\/span><br \/>\n<span style=\"font-size: 14px;\"><a href=\"https:\/\/harjutus.ee\/wp-content\/uploads\/2019\/12\/M\u00fc\u00fcja-klienditeeninduse-alused.pdf\">M\u00fc\u00fcja klienditeeninduse alused<\/a><\/span><\/div><\/div>[vc_empty_space][\/vc_column][vc_column][\/vc_column][\/vc_row]<\/p>","protected":false},"excerpt":{"rendered":"<p><span style=\"font-size: 12px;\">kokkuleppel<\/span><\/p>\n","protected":false},"featured_media":2985,"template":"","meta":{"inline_featured_image":false},"product_cat":[119],"product_tag":[],"_links":{"self":[{"href":"https:\/\/harjutus.ee\/ru\/wp-json\/wp\/v2\/product\/2749"}],"collection":[{"href":"https:\/\/harjutus.ee\/ru\/wp-json\/wp\/v2\/product"}],"about":[{"href":"https:\/\/harjutus.ee\/ru\/wp-json\/wp\/v2\/types\/product"}],"wp:featuredmedia":[{"embeddable":true,"href":"https:\/\/harjutus.ee\/ru\/wp-json\/wp\/v2\/media\/2985"}],"wp:attachment":[{"href":"https:\/\/harjutus.ee\/ru\/wp-json\/wp\/v2\/media?parent=2749"}],"wp:term":[{"taxonomy":"product_cat","embeddable":true,"href":"https:\/\/harjutus.ee\/ru\/wp-json\/wp\/v2\/product_cat?post=2749"},{"taxonomy":"product_tag","embeddable":true,"href":"https:\/\/harjutus.ee\/ru\/wp-json\/wp\/v2\/product_tag?post=2749"}],"curies":[{"name":"wp","href":"https:\/\/api.w.org\/{rel}","templated":true}]}}